{"id":20,"date":"2025-03-14T09:16:32","date_gmt":"2025-03-14T09:16:32","guid":{"rendered":"https:\/\/traduccionesjosemiguel.rkinformatika.online\/?page_id=20"},"modified":"2025-03-20T14:46:29","modified_gmt":"2025-03-20T14:46:29","slug":"inicio","status":"publish","type":"page","link":"https:\/\/traduccionesjosemiguel.com\/en\/","title":{"rendered":"Home"},"content":{"rendered":"\t\t<div data-elementor-type=\"wp-page\" data-elementor-id=\"20\" class=\"elementor elementor-20\" data-elementor-post-type=\"page\">\n\t\t\t\t<div class=\"elementor-element elementor-element-96c22c5 e-con-full e-flex e-con e-parent\" data-id=\"96c22c5\" data-element_type=\"container\" data-e-type=\"container\" data-settings=\"{&quot;background_background&quot;:&quot;slideshow&quot;,&quot;background_motion_fx_translateY_effect&quot;:&quot;yes&quot;,&quot;background_motion_fx_translateY_direction&quot;:&quot;negative&quot;,&quot;background_motion_fx_translateY_affectedRange&quot;:{&quot;unit&quot;:&quot;%&quot;,&quot;size&quot;:&quot;&quot;,&quot;sizes&quot;:{&quot;start&quot;:43,&quot;end&quot;:100}},&quot;background_motion_fx_blur_effect&quot;:&quot;yes&quot;,&quot;background_motion_fx_blur_level&quot;:{&quot;unit&quot;:&quot;px&quot;,&quot;size&quot;:4,&quot;sizes&quot;:[]},&quot;background_motion_fx_blur_range&quot;:{&quot;unit&quot;:&quot;%&quot;,&quot;size&quot;:&quot;&quot;,&quot;sizes&quot;:{&quot;start&quot;:16,&quot;end&quot;:100}},&quot;background_slideshow_gallery&quot;:[{&quot;id&quot;:349,&quot;url&quot;:&quot;https:\\\/\\\/traduccionesjosemiguel.com\\\/wp-content\\\/uploads\\\/2025\\\/03\\\/36661.jpg&quot;},{&quot;id&quot;:350,&quot;url&quot;:&quot;https:\\\/\\\/traduccionesjosemiguel.com\\\/wp-content\\\/uploads\\\/2025\\\/03\\\/1386.jpg&quot;},{&quot;id&quot;:351,&quot;url&quot;:&quot;https:\\\/\\\/traduccionesjosemiguel.com\\\/wp-content\\\/uploads\\\/2025\\\/03\\\/6057.jpg&quot;}],&quot;background_slideshow_loop&quot;:&quot;yes&quot;,&quot;background_slideshow_slide_duration&quot;:5000,&quot;background_slideshow_slide_transition&quot;:&quot;fade&quot;,&quot;background_slideshow_transition_duration&quot;:500,&quot;background_motion_fx_translateY_speed&quot;:{&quot;unit&quot;:&quot;px&quot;,&quot;size&quot;:4,&quot;sizes&quot;:[]},&quot;background_motion_fx_blur_direction&quot;:&quot;out-in&quot;,&quot;background_motion_fx_devices&quot;:[&quot;desktop&quot;,&quot;tablet&quot;,&quot;mobile&quot;]}\">\n\t\t\t\t<div class=\"elementor-element elementor-element-c0baf24 elementor-widget elementor-widget-eael-fancy-text\" data-id=\"c0baf24\" data-element_type=\"widget\" data-e-type=\"widget\" data-widget_type=\"eael-fancy-text.default\">\n\t\t\t\t<div class=\"elementor-widget-container\">\n\t\t\t\t\t\n\t<div  class=\"eael-fancy-text-container style-1\" data-fancy-text-id=\"c0baf24\" data-fancy-text=\"|Bienvenido|Willkommen|\u0414\u043e\u0431\u0440\u043e \u043f\u043e\u0436\u0430\u043b\u043e\u0432\u0430\u0442\u044c|Witamy\" data-fancy-text-transition-type=\"fadeInDown\" data-fancy-text-speed=\"\" data-fancy-text-delay=\"3500\" data-fancy-text-cursor=\"\" data-fancy-text-loop=\"yes\" data-fancy-text-action=\"page_load\" >\n\t\t\n\t\t\n\t\t\t\t\t<span id=\"eael-fancy-text-c0baf24\" class=\"eael-fancy-text-strings solid-color\">\n\t\t\t\t<noscript>\n\t\t\t\t\tBienvenido, Willkommen, \u0414\u043e\u0431\u0440\u043e \u043f\u043e\u0436\u0430\u043b\u043e\u0432\u0430\u0442\u044c, Witamy\t\t\t\t<\/noscript>\n\t\t\t<\/span>\n\t\t\n\t\t\t<\/div><!-- close .eael-fancy-text-container -->\n\n\t<div class=\"clearfix\"><\/div>\n\n\t\t\t\t\t<\/div>\n\t\t\t\t<\/div>\n\t\t\t\t<\/div>\n\t\t\t\t<section class=\"elementor-section elementor-top-section elementor-element elementor-element-2babcb66 elementor-section-height-min-height elementor-section-boxed elementor-section-height-default elementor-section-items-middle\" data-id=\"2babcb66\" data-element_type=\"section\" data-e-type=\"section\" data-settings=\"{&quot;background_background&quot;:&quot;classic&quot;}\">\n\t\t\t\t\t\t\t<div class=\"elementor-background-overlay\"><\/div>\n\t\t\t\t\t\t\t<div class=\"elementor-container elementor-column-gap-default\">\n\t\t\t\t\t<div class=\"elementor-column elementor-col-100 elementor-top-column elementor-element elementor-element-695193f5\" data-id=\"695193f5\" data-element_type=\"column\" data-e-type=\"column\">\n\t\t\t<div class=\"elementor-widget-wrap elementor-element-populated\">\n\t\t\t\t\t\t<div class=\"elementor-element elementor-element-ac1e7c3 elementor-invisible elementor-widget elementor-widget-heading\" data-id=\"ac1e7c3\" data-element_type=\"widget\" data-e-type=\"widget\" data-settings=\"{&quot;_animation&quot;:&quot;fadeInDown&quot;}\" data-widget_type=\"heading.default\">\n\t\t\t\t<div class=\"elementor-widget-container\">\n\t\t\t\t\t<h2 class=\"elementor-heading-title elementor-size-default\">Sobre Nosotros<\/h2>\t\t\t\t<\/div>\n\t\t\t\t<\/div>\n\t\t\t\t<section class=\"elementor-section elementor-inner-section elementor-element elementor-element-e3f3804 elementor-section-boxed elementor-section-height-default elementor-section-height-default\" data-id=\"e3f3804\" data-element_type=\"section\" data-e-type=\"section\">\n\t\t\t\t\t\t<div class=\"elementor-container elementor-column-gap-default\">\n\t\t\t\t\t<div class=\"elementor-column elementor-col-50 elementor-inner-column elementor-element elementor-element-2b004f30\" data-id=\"2b004f30\" data-element_type=\"column\" data-e-type=\"column\">\n\t\t\t<div class=\"elementor-widget-wrap elementor-element-populated\">\n\t\t\t\t\t\t<div class=\"elementor-element elementor-element-52b5ce5c elementor-widget elementor-widget-image\" data-id=\"52b5ce5c\" data-element_type=\"widget\" data-e-type=\"widget\" data-widget_type=\"image.default\">\n\t\t\t\t<div class=\"elementor-widget-container\">\n\t\t\t\t\t\t\t\t\t\t\t\t\t\t\t<img fetchpriority=\"high\" decoding=\"async\" width=\"800\" height=\"534\" src=\"https:\/\/traduccionesjosemiguel.com\/wp-content\/uploads\/2025\/03\/12133-1024x683.jpg\" class=\"elementor-animation-hang attachment-large size-large wp-image-329\" alt=\"\" srcset=\"https:\/\/traduccionesjosemiguel.com\/wp-content\/uploads\/2025\/03\/12133-1024x683.jpg 1024w, https:\/\/traduccionesjosemiguel.com\/wp-content\/uploads\/2025\/03\/12133-300x200.jpg 300w, https:\/\/traduccionesjosemiguel.com\/wp-content\/uploads\/2025\/03\/12133-768x512.jpg 768w, https:\/\/traduccionesjosemiguel.com\/wp-content\/uploads\/2025\/03\/12133-18x12.jpg 18w, https:\/\/traduccionesjosemiguel.com\/wp-content\/uploads\/2025\/03\/elementor\/thumbs\/12133-r2upwul15dzmxastea6rcwgqliw6uxmcgtjtiiusgw.jpg 600w, https:\/\/traduccionesjosemiguel.com\/wp-content\/uploads\/2025\/03\/12133.jpg 1500w\" sizes=\"(max-width: 800px) 100vw, 800px\" \/>\t\t\t\t\t\t\t\t\t\t\t\t\t\t\t<\/div>\n\t\t\t\t<\/div>\n\t\t\t\t\t<\/div>\n\t\t<\/div>\n\t\t\t\t<div class=\"elementor-column elementor-col-50 elementor-inner-column elementor-element elementor-element-3f637a45 elementor-invisible\" data-id=\"3f637a45\" data-element_type=\"column\" data-e-type=\"column\" data-settings=\"{&quot;background_background&quot;:&quot;classic&quot;,&quot;animation&quot;:&quot;fadeInRight&quot;}\">\n\t\t\t<div class=\"elementor-widget-wrap elementor-element-populated\">\n\t\t\t\t\t\t<div class=\"elementor-element elementor-element-c4ac032 elementor-widget elementor-widget-text-editor\" data-id=\"c4ac032\" data-element_type=\"widget\" data-e-type=\"widget\" data-widget_type=\"text-editor.default\">\n\t\t\t\t<div class=\"elementor-widget-container\">\n\t\t\t\t\t\t\t\t\t<p>Empresa especializada en servicios de traducci\u00f3n jurada de alem\u00e1n y traducci\u00f3n no jurada de alem\u00e1n, ruso y polaco.<br data-start=\"309\" data-end=\"312\" \/>Traductor oficial homologado por el Ministerio de Asuntos Exteriores y Cooperaci\u00f3n.<\/p>\t\t\t\t\t\t\t\t<\/div>\n\t\t\t\t<\/div>\n\t\t\t\t\t<\/div>\n\t\t<\/div>\n\t\t\t\t\t<\/div>\n\t\t<\/section>\n\t\t\t\t<section class=\"elementor-section elementor-inner-section elementor-element elementor-element-4f8d84de elementor-reverse-mobile elementor-section-boxed elementor-section-height-default elementor-section-height-default\" data-id=\"4f8d84de\" data-element_type=\"section\" data-e-type=\"section\">\n\t\t\t\t\t\t<div class=\"elementor-container elementor-column-gap-default\">\n\t\t\t\t\t<div class=\"elementor-column elementor-col-50 elementor-inner-column elementor-element elementor-element-7905cc5f elementor-invisible\" data-id=\"7905cc5f\" data-element_type=\"column\" data-e-type=\"column\" data-settings=\"{&quot;background_background&quot;:&quot;classic&quot;,&quot;animation&quot;:&quot;fadeInLeft&quot;}\">\n\t\t\t<div class=\"elementor-widget-wrap elementor-element-populated\">\n\t\t\t\t\t\t<div class=\"elementor-element elementor-element-1e4e6d59 elementor-widget elementor-widget-text-editor\" data-id=\"1e4e6d59\" data-element_type=\"widget\" data-e-type=\"widget\" data-widget_type=\"text-editor.default\">\n\t\t\t\t<div class=\"elementor-widget-container\">\n\t\t\t\t\t\t\t\t\t<p>Jos\u00e9 Miguel es Licenciado en Traducci\u00f3n e Interpretaci\u00f3n de Alem\u00e1n por la Universidad de Alicante y Traductor Jurado de Alem\u00e1n nombrado por el MAEC en 2011.<br data-start=\"592\" data-end=\"595\" \/>Ofrecemos servicios de traducci\u00f3n con precisi\u00f3n, profesionalidad y confidencialidad.<\/p>\t\t\t\t\t\t\t\t<\/div>\n\t\t\t\t<\/div>\n\t\t\t\t\t<\/div>\n\t\t<\/div>\n\t\t\t\t<div class=\"elementor-column elementor-col-50 elementor-inner-column elementor-element elementor-element-136815ad\" data-id=\"136815ad\" data-element_type=\"column\" data-e-type=\"column\">\n\t\t\t<div class=\"elementor-widget-wrap elementor-element-populated\">\n\t\t\t\t\t\t<div class=\"elementor-element elementor-element-6c48ffca elementor-invisible elementor-widget elementor-widget-image\" data-id=\"6c48ffca\" data-element_type=\"widget\" data-e-type=\"widget\" data-settings=\"{&quot;_animation&quot;:&quot;slideInRight&quot;}\" data-widget_type=\"image.default\">\n\t\t\t\t<div class=\"elementor-widget-container\">\n\t\t\t\t\t\t\t\t\t\t\t\t\t\t\t<img decoding=\"async\" width=\"800\" height=\"534\" src=\"https:\/\/traduccionesjosemiguel.com\/wp-content\/uploads\/2025\/03\/2151325856-1024x683.jpg\" class=\"elementor-animation-hang attachment-large size-large wp-image-330\" alt=\"\" srcset=\"https:\/\/traduccionesjosemiguel.com\/wp-content\/uploads\/2025\/03\/2151325856-1024x683.jpg 1024w, https:\/\/traduccionesjosemiguel.com\/wp-content\/uploads\/2025\/03\/2151325856-300x200.jpg 300w, https:\/\/traduccionesjosemiguel.com\/wp-content\/uploads\/2025\/03\/2151325856-768x512.jpg 768w, https:\/\/traduccionesjosemiguel.com\/wp-content\/uploads\/2025\/03\/2151325856-18x12.jpg 18w, https:\/\/traduccionesjosemiguel.com\/wp-content\/uploads\/2025\/03\/2151325856.jpg 1500w\" sizes=\"(max-width: 800px) 100vw, 800px\" \/>\t\t\t\t\t\t\t\t\t\t\t\t\t\t\t<\/div>\n\t\t\t\t<\/div>\n\t\t\t\t\t<\/div>\n\t\t<\/div>\n\t\t\t\t\t<\/div>\n\t\t<\/section>\n\t\t\t\t\t<\/div>\n\t\t<\/div>\n\t\t\t\t\t<\/div>\n\t\t<\/section>\n\t\t<div class=\"elementor-element elementor-element-11f2230 e-flex e-con-boxed e-con e-parent\" data-id=\"11f2230\" data-element_type=\"container\" data-e-type=\"container\" data-settings=\"{&quot;background_background&quot;:&quot;classic&quot;}\">\n\t\t\t\t\t<div class=\"e-con-inner\">\n\t\t\t\t<div class=\"elementor-element elementor-element-6f97085 elementor-invisible elementor-widget elementor-widget-heading\" data-id=\"6f97085\" data-element_type=\"widget\" data-e-type=\"widget\" data-settings=\"{&quot;_animation&quot;:&quot;fadeInDown&quot;,&quot;motion_fx_motion_fx_scrolling&quot;:&quot;yes&quot;,&quot;motion_fx_opacity_effect&quot;:&quot;yes&quot;,&quot;motion_fx_opacity_direction&quot;:&quot;out-in-out&quot;,&quot;motion_fx_opacity_range&quot;:{&quot;unit&quot;:&quot;%&quot;,&quot;size&quot;:&quot;&quot;,&quot;sizes&quot;:{&quot;start&quot;:37,&quot;end&quot;:100}},&quot;motion_fx_opacity_level&quot;:{&quot;unit&quot;:&quot;px&quot;,&quot;size&quot;:10,&quot;sizes&quot;:[]},&quot;motion_fx_devices&quot;:[&quot;desktop&quot;,&quot;tablet&quot;,&quot;mobile&quot;]}\" data-widget_type=\"heading.default\">\n\t\t\t\t<div class=\"elementor-widget-container\">\n\t\t\t\t\t<h2 class=\"elementor-heading-title elementor-size-default\">\u00bfPor qu\u00e9 elegir Traducciones Jos\u00e9 Miguel?\n<\/h2>\t\t\t\t<\/div>\n\t\t\t\t<\/div>\n\t\t\t\t<div class=\"elementor-element elementor-element-9e8da1c elementor-invisible elementor-widget elementor-widget-text-editor\" data-id=\"9e8da1c\" data-element_type=\"widget\" data-e-type=\"widget\" data-settings=\"{&quot;_animation&quot;:&quot;fadeInUp&quot;,&quot;motion_fx_motion_fx_scrolling&quot;:&quot;yes&quot;,&quot;motion_fx_opacity_effect&quot;:&quot;yes&quot;,&quot;motion_fx_opacity_direction&quot;:&quot;out-in-out&quot;,&quot;motion_fx_opacity_range&quot;:{&quot;unit&quot;:&quot;%&quot;,&quot;size&quot;:&quot;&quot;,&quot;sizes&quot;:{&quot;start&quot;:37,&quot;end&quot;:100}},&quot;motion_fx_opacity_level&quot;:{&quot;unit&quot;:&quot;px&quot;,&quot;size&quot;:10,&quot;sizes&quot;:[]},&quot;motion_fx_devices&quot;:[&quot;desktop&quot;,&quot;tablet&quot;,&quot;mobile&quot;]}\" data-widget_type=\"text-editor.default\">\n\t\t\t\t<div class=\"elementor-widget-container\">\n\t\t\t\t\t\t\t\t\t<p data-start=\"113\" data-end=\"558\">En Traducciones Jos\u00e9 Miguel, nos especializamos en ofrecer un servicio de traducci\u00f3n preciso, fiable y adaptado a las necesidades de cada cliente. Con m\u00e1s de una d\u00e9cada de experiencia en el sector, garantizamos traducciones de alta calidad, ya sean juradas de alem\u00e1n o no juradas de alem\u00e1n, ruso y polaco. Nuestro compromiso es proporcionar textos fieles al original, con un estilo natural y un alto nivel de precisi\u00f3n ling\u00fc\u00edstica.<\/p><p data-start=\"560\" data-end=\"991\">Como traductor jurado de alem\u00e1n nombrado por el Ministerio de Asuntos Exteriores y Cooperaci\u00f3n, ofrecemos traducciones certificadas con validez legal, asegurando que cada documento cumpla con los requisitos oficiales exigidos por administraciones y organismos nacionales e internacionales. Adem\u00e1s, nuestra labor se basa en el rigor terminol\u00f3gico y en el profundo conocimiento de los idiomas y culturas con los que trabajamos.<\/p><p data-start=\"993\" data-end=\"1334\">Valoramos la confidencialidad de cada encargo, garantizando la seguridad y privacidad de la informaci\u00f3n contenida en los documentos que traducimos. Sabemos que cada traducci\u00f3n es \u00fanica y, por eso, ofrecemos una atenci\u00f3n personalizada y tiempos de entrega ajustados a las necesidades del cliente, sin comprometer la calidad del trabajo.<\/p><p data-start=\"1336\" data-end=\"1531\">\u00a0<\/p>\t\t\t\t\t\t\t\t<\/div>\n\t\t\t\t<\/div>\n\t\t\t\t\t<\/div>\n\t\t\t\t<\/div>\n\t\t\t\t<\/div>\n\t\t","protected":false},"excerpt":{"rendered":"<p>Bienvenido, Willkommen, \u0414\u043e\u0431\u0440\u043e \u043f\u043e\u0436\u0430\u043b\u043e\u0432\u0430\u0442\u044c, Witamy Sobre Nosotros Empresa especializada en servicios de traducci\u00f3n jurada de alem\u00e1n y traducci\u00f3n no jurada de alem\u00e1n, ruso y polaco.Traductor oficial homologado por el Ministerio de Asuntos Exteriores y Cooperaci\u00f3n. Jos\u00e9 Miguel es Licenciado en Traducci\u00f3n e Interpretaci\u00f3n de Alem\u00e1n por la Universidad de Alicante y Traductor Jurado de Alem\u00e1n [&hellip;]<\/p>\n","protected":false},"author":1,"featured_media":0,"parent":0,"menu_order":0,"comment_status":"closed","ping_status":"closed","template":"elementor_canvas","meta":{"footnotes":""},"class_list":["post-20","page","type-page","status-publish","hentry"],"yoast_head":"<!-- This site is optimized with the Yoast SEO plugin v27.3 - https:\/\/yoast.com\/product\/yoast-seo-wordpress\/ -->\n<title>Inicio - Traducciones Jos\u00e9 Miguel<\/title>\n<meta name=\"robots\" content=\"index, follow, max-snippet:-1, max-image-preview:large, max-video-preview:-1\" \/>\n<link rel=\"canonical\" href=\"https:\/\/traduccionesjosemiguel.com\/en\/\" \/>\n<meta property=\"og:locale\" content=\"en_US\" \/>\n<meta property=\"og:type\" content=\"article\" \/>\n<meta property=\"og:title\" content=\"Inicio - Traducciones Jos\u00e9 Miguel\" \/>\n<meta property=\"og:description\" content=\"Bienvenido, Willkommen, \u0414\u043e\u0431\u0440\u043e \u043f\u043e\u0436\u0430\u043b\u043e\u0432\u0430\u0442\u044c, Witamy Sobre Nosotros Empresa especializada en servicios de traducci\u00f3n jurada de alem\u00e1n y traducci\u00f3n no jurada de alem\u00e1n, ruso y polaco.Traductor oficial homologado por el Ministerio de Asuntos Exteriores y Cooperaci\u00f3n. Jos\u00e9 Miguel es Licenciado en Traducci\u00f3n e Interpretaci\u00f3n de Alem\u00e1n por la Universidad de Alicante y Traductor Jurado de Alem\u00e1n [&hellip;]\" \/>\n<meta property=\"og:url\" content=\"https:\/\/traduccionesjosemiguel.com\/en\/\" \/>\n<meta property=\"og:site_name\" content=\"Traducciones Jos\u00e9 Miguel\" \/>\n<meta property=\"article:modified_time\" content=\"2025-03-20T14:46:29+00:00\" \/>\n<meta property=\"og:image\" content=\"https:\/\/traduccionesjosemiguel.com\/wp-content\/uploads\/2025\/03\/12133.jpg\" \/>\n\t<meta property=\"og:image:width\" content=\"1500\" \/>\n\t<meta property=\"og:image:height\" content=\"1000\" \/>\n\t<meta property=\"og:image:type\" content=\"image\/jpeg\" \/>\n<meta name=\"twitter:card\" content=\"summary_large_image\" \/>\n<meta name=\"twitter:label1\" content=\"Est. reading time\" \/>\n\t<meta name=\"twitter:data1\" content=\"2 minutes\" \/>\n<script type=\"application\/ld+json\" class=\"yoast-schema-graph\">{\"@context\":\"https:\\\/\\\/schema.org\",\"@graph\":[{\"@type\":\"WebPage\",\"@id\":\"https:\\\/\\\/traduccionesjosemiguel.com\\\/\",\"url\":\"https:\\\/\\\/traduccionesjosemiguel.com\\\/\",\"name\":\"Inicio - Traducciones Jos\u00e9 Miguel\",\"isPartOf\":{\"@id\":\"https:\\\/\\\/traduccionesjosemiguel.com\\\/#website\"},\"primaryImageOfPage\":{\"@id\":\"https:\\\/\\\/traduccionesjosemiguel.com\\\/#primaryimage\"},\"image\":{\"@id\":\"https:\\\/\\\/traduccionesjosemiguel.com\\\/#primaryimage\"},\"thumbnailUrl\":\"https:\\\/\\\/traduccionesjosemiguel.com\\\/wp-content\\\/uploads\\\/2025\\\/03\\\/12133-1024x683.jpg\",\"datePublished\":\"2025-03-14T09:16:32+00:00\",\"dateModified\":\"2025-03-20T14:46:29+00:00\",\"breadcrumb\":{\"@id\":\"https:\\\/\\\/traduccionesjosemiguel.com\\\/#breadcrumb\"},\"inLanguage\":\"en-US\",\"potentialAction\":[{\"@type\":\"ReadAction\",\"target\":[\"https:\\\/\\\/traduccionesjosemiguel.com\\\/\"]}]},{\"@type\":\"ImageObject\",\"inLanguage\":\"en-US\",\"@id\":\"https:\\\/\\\/traduccionesjosemiguel.com\\\/#primaryimage\",\"url\":\"https:\\\/\\\/traduccionesjosemiguel.com\\\/wp-content\\\/uploads\\\/2025\\\/03\\\/12133-1024x683.jpg\",\"contentUrl\":\"https:\\\/\\\/traduccionesjosemiguel.com\\\/wp-content\\\/uploads\\\/2025\\\/03\\\/12133-1024x683.jpg\"},{\"@type\":\"BreadcrumbList\",\"@id\":\"https:\\\/\\\/traduccionesjosemiguel.com\\\/#breadcrumb\",\"itemListElement\":[{\"@type\":\"ListItem\",\"position\":1,\"name\":\"Portada\",\"item\":\"https:\\\/\\\/traduccionesjosemiguel.com\\\/\"},{\"@type\":\"ListItem\",\"position\":2,\"name\":\"Inicio\"}]},{\"@type\":\"WebSite\",\"@id\":\"https:\\\/\\\/traduccionesjosemiguel.com\\\/#website\",\"url\":\"https:\\\/\\\/traduccionesjosemiguel.com\\\/\",\"name\":\"Traducciones Jos\u00e9 Miguel\",\"description\":\"Traductor oficial homologado por el Ministerio de Asuntos Exteriores y Cooperaci\u00f3n.\",\"publisher\":{\"@id\":\"https:\\\/\\\/traduccionesjosemiguel.com\\\/#organization\"},\"potentialAction\":[{\"@type\":\"SearchAction\",\"target\":{\"@type\":\"EntryPoint\",\"urlTemplate\":\"https:\\\/\\\/traduccionesjosemiguel.com\\\/?s={search_term_string}\"},\"query-input\":{\"@type\":\"PropertyValueSpecification\",\"valueRequired\":true,\"valueName\":\"search_term_string\"}}],\"inLanguage\":\"en-US\"},{\"@type\":\"Organization\",\"@id\":\"https:\\\/\\\/traduccionesjosemiguel.com\\\/#organization\",\"name\":\"Traducciones Jos\u00e9 Miguel\",\"url\":\"https:\\\/\\\/traduccionesjosemiguel.com\\\/\",\"logo\":{\"@type\":\"ImageObject\",\"inLanguage\":\"en-US\",\"@id\":\"https:\\\/\\\/traduccionesjosemiguel.com\\\/#\\\/schema\\\/logo\\\/image\\\/\",\"url\":\"https:\\\/\\\/traduccionesjosemiguel.com\\\/wp-content\\\/uploads\\\/2025\\\/03\\\/cropped-Logo-FInal_Mesa-de-trabajo-1.png\",\"contentUrl\":\"https:\\\/\\\/traduccionesjosemiguel.com\\\/wp-content\\\/uploads\\\/2025\\\/03\\\/cropped-Logo-FInal_Mesa-de-trabajo-1.png\",\"width\":1920,\"height\":532,\"caption\":\"Traducciones Jos\u00e9 Miguel\"},\"image\":{\"@id\":\"https:\\\/\\\/traduccionesjosemiguel.com\\\/#\\\/schema\\\/logo\\\/image\\\/\"}}]}<\/script>\n<!-- \/ Yoast SEO plugin. -->","yoast_head_json":{"title":"Inicio - Traducciones Jos\u00e9 Miguel","robots":{"index":"index","follow":"follow","max-snippet":"max-snippet:-1","max-image-preview":"max-image-preview:large","max-video-preview":"max-video-preview:-1"},"canonical":"https:\/\/traduccionesjosemiguel.com\/en\/","og_locale":"en_US","og_type":"article","og_title":"Inicio - Traducciones Jos\u00e9 Miguel","og_description":"Bienvenido, Willkommen, \u0414\u043e\u0431\u0440\u043e \u043f\u043e\u0436\u0430\u043b\u043e\u0432\u0430\u0442\u044c, Witamy Sobre Nosotros Empresa especializada en servicios de traducci\u00f3n jurada de alem\u00e1n y traducci\u00f3n no jurada de alem\u00e1n, ruso y polaco.Traductor oficial homologado por el Ministerio de Asuntos Exteriores y Cooperaci\u00f3n. Jos\u00e9 Miguel es Licenciado en Traducci\u00f3n e Interpretaci\u00f3n de Alem\u00e1n por la Universidad de Alicante y Traductor Jurado de Alem\u00e1n [&hellip;]","og_url":"https:\/\/traduccionesjosemiguel.com\/en\/","og_site_name":"Traducciones Jos\u00e9 Miguel","article_modified_time":"2025-03-20T14:46:29+00:00","og_image":[{"width":1500,"height":1000,"url":"https:\/\/traduccionesjosemiguel.com\/wp-content\/uploads\/2025\/03\/12133.jpg","type":"image\/jpeg"}],"twitter_card":"summary_large_image","twitter_misc":{"Est. reading time":"2 minutes"},"schema":{"@context":"https:\/\/schema.org","@graph":[{"@type":"WebPage","@id":"https:\/\/traduccionesjosemiguel.com\/","url":"https:\/\/traduccionesjosemiguel.com\/","name":"Inicio - Traducciones Jos\u00e9 Miguel","isPartOf":{"@id":"https:\/\/traduccionesjosemiguel.com\/#website"},"primaryImageOfPage":{"@id":"https:\/\/traduccionesjosemiguel.com\/#primaryimage"},"image":{"@id":"https:\/\/traduccionesjosemiguel.com\/#primaryimage"},"thumbnailUrl":"https:\/\/traduccionesjosemiguel.com\/wp-content\/uploads\/2025\/03\/12133-1024x683.jpg","datePublished":"2025-03-14T09:16:32+00:00","dateModified":"2025-03-20T14:46:29+00:00","breadcrumb":{"@id":"https:\/\/traduccionesjosemiguel.com\/#breadcrumb"},"inLanguage":"en-US","potentialAction":[{"@type":"ReadAction","target":["https:\/\/traduccionesjosemiguel.com\/"]}]},{"@type":"ImageObject","inLanguage":"en-US","@id":"https:\/\/traduccionesjosemiguel.com\/#primaryimage","url":"https:\/\/traduccionesjosemiguel.com\/wp-content\/uploads\/2025\/03\/12133-1024x683.jpg","contentUrl":"https:\/\/traduccionesjosemiguel.com\/wp-content\/uploads\/2025\/03\/12133-1024x683.jpg"},{"@type":"BreadcrumbList","@id":"https:\/\/traduccionesjosemiguel.com\/#breadcrumb","itemListElement":[{"@type":"ListItem","position":1,"name":"Portada","item":"https:\/\/traduccionesjosemiguel.com\/"},{"@type":"ListItem","position":2,"name":"Inicio"}]},{"@type":"WebSite","@id":"https:\/\/traduccionesjosemiguel.com\/#website","url":"https:\/\/traduccionesjosemiguel.com\/","name":"Traducciones Jos\u00e9 Miguel","description":"Official translator accredited by the Ministry of Foreign Affairs and Cooperation.","publisher":{"@id":"https:\/\/traduccionesjosemiguel.com\/#organization"},"potentialAction":[{"@type":"SearchAction","target":{"@type":"EntryPoint","urlTemplate":"https:\/\/traduccionesjosemiguel.com\/?s={search_term_string}"},"query-input":{"@type":"PropertyValueSpecification","valueRequired":true,"valueName":"search_term_string"}}],"inLanguage":"en-US"},{"@type":"Organization","@id":"https:\/\/traduccionesjosemiguel.com\/#organization","name":"Traducciones Jos\u00e9 Miguel","url":"https:\/\/traduccionesjosemiguel.com\/","logo":{"@type":"ImageObject","inLanguage":"en-US","@id":"https:\/\/traduccionesjosemiguel.com\/#\/schema\/logo\/image\/","url":"https:\/\/traduccionesjosemiguel.com\/wp-content\/uploads\/2025\/03\/cropped-Logo-FInal_Mesa-de-trabajo-1.png","contentUrl":"https:\/\/traduccionesjosemiguel.com\/wp-content\/uploads\/2025\/03\/cropped-Logo-FInal_Mesa-de-trabajo-1.png","width":1920,"height":532,"caption":"Traducciones Jos\u00e9 Miguel"},"image":{"@id":"https:\/\/traduccionesjosemiguel.com\/#\/schema\/logo\/image\/"}}]}},"_links":{"self":[{"href":"https:\/\/traduccionesjosemiguel.com\/en\/wp-json\/wp\/v2\/pages\/20","targetHints":{"allow":["GET"]}}],"collection":[{"href":"https:\/\/traduccionesjosemiguel.com\/en\/wp-json\/wp\/v2\/pages"}],"about":[{"href":"https:\/\/traduccionesjosemiguel.com\/en\/wp-json\/wp\/v2\/types\/page"}],"author":[{"embeddable":true,"href":"https:\/\/traduccionesjosemiguel.com\/en\/wp-json\/wp\/v2\/users\/1"}],"replies":[{"embeddable":true,"href":"https:\/\/traduccionesjosemiguel.com\/en\/wp-json\/wp\/v2\/comments?post=20"}],"version-history":[{"count":173,"href":"https:\/\/traduccionesjosemiguel.com\/en\/wp-json\/wp\/v2\/pages\/20\/revisions"}],"predecessor-version":[{"id":631,"href":"https:\/\/traduccionesjosemiguel.com\/en\/wp-json\/wp\/v2\/pages\/20\/revisions\/631"}],"wp:attachment":[{"href":"https:\/\/traduccionesjosemiguel.com\/en\/wp-json\/wp\/v2\/media?parent=20"}],"curies":[{"name":"wp","href":"https:\/\/api.w.org\/{rel}","templated":true}]}}